{"id":4880,"date":"2025-01-13T12:16:18","date_gmt":"2025-01-13T11:16:18","guid":{"rendered":"https:\/\/www.bernardinigastone.it\/prodotto\/salmone-delle-isole-faroe-affumicato-scatola-regalo\/"},"modified":"2026-03-25T15:59:35","modified_gmt":"2026-03-25T14:59:35","slug":"lachs-faeroeer-inseln-geraeuchert-geschnitten-700g-geschenkbox","status":"publish","type":"product","link":"https:\/\/www.bernardinigastone.it\/de\/prodotto\/lachs-faeroeer-inseln-geraeuchert-geschnitten-700g-geschenkbox\/","title":{"rendered":"Lachs F\u00e4r\u00f6er-Inseln, ger\u00e4uchert"},"content":{"rendered":"","protected":false},"excerpt":{"rendered":"<p><strong>LP482700<\/strong> Geschnitten 700g, geschenkbox<\/p>\n","protected":false},"featured_media":4770,"template":"","meta":[],"product_cat":[118,119],"product_tag":[],"class_list":{"0":"post-4880","1":"product","2":"type-product","3":"status-publish","4":"has-post-thumbnail","6":"product_cat-linea-pesce-de","7":"product_cat-salmone-de","9":"first","10":"instock","11":"shipping-taxable","12":"product-type-simple"},"_links":{"self":[{"href":"https:\/\/www.bernardinigastone.it\/de\/wp-json\/wp\/v2\/product\/4880","targetHints":{"allow":["GET"]}}],"collection":[{"href":"https:\/\/www.bernardinigastone.it\/de\/wp-json\/wp\/v2\/product"}],"about":[{"href":"https:\/\/www.bernardinigastone.it\/de\/wp-json\/wp\/v2\/types\/product"}],"wp:featuredmedia":[{"embeddable":true,"href":"https:\/\/www.bernardinigastone.it\/de\/wp-json\/wp\/v2\/media\/4770"}],"wp:attachment":[{"href":"https:\/\/www.bernardinigastone.it\/de\/wp-json\/wp\/v2\/media?parent=4880"}],"wp:term":[{"taxonomy":"product_cat","embeddable":true,"href":"https:\/\/www.bernardinigastone.it\/de\/wp-json\/wp\/v2\/product_cat?post=4880"},{"taxonomy":"product_tag","embeddable":true,"href":"https:\/\/www.bernardinigastone.it\/de\/wp-json\/wp\/v2\/product_tag?post=4880"}],"curies":[{"name":"wp","href":"https:\/\/api.w.org\/{rel}","templated":true}]}}