{"id":3726,"date":"2024-05-31T11:30:36","date_gmt":"2024-05-31T09:30:36","guid":{"rendered":"http:\/\/www.bernardinigastone.it\/prodotto\/salmone-delle-isole-faroe-preaffettato\/"},"modified":"2026-03-25T15:11:14","modified_gmt":"2026-03-25T14:11:14","slug":"saumon-fume-des-iles-feroe-entier-avec-peau","status":"publish","type":"product","link":"https:\/\/www.bernardinigastone.it\/fr\/prodotto\/saumon-fume-des-iles-feroe-entier-avec-peau\/","title":{"rendered":"Saumon fum\u00e9 des \u00eeles F\u00e9ro\u00e9"},"content":{"rendered":"","protected":false},"excerpt":{"rendered":"<p><strong>LP48120<\/strong> Entier avec peau<\/p>\n","protected":false},"featured_media":1768,"template":"","meta":[],"product_cat":[116,117],"product_tag":[],"class_list":{"0":"post-3726","1":"product","2":"type-product","3":"status-publish","4":"has-post-thumbnail","6":"product_cat-linea-pesce-fr","7":"product_cat-salmone-fr","9":"first","10":"instock","11":"shipping-taxable","12":"product-type-simple"},"_links":{"self":[{"href":"https:\/\/www.bernardinigastone.it\/fr\/wp-json\/wp\/v2\/product\/3726","targetHints":{"allow":["GET"]}}],"collection":[{"href":"https:\/\/www.bernardinigastone.it\/fr\/wp-json\/wp\/v2\/product"}],"about":[{"href":"https:\/\/www.bernardinigastone.it\/fr\/wp-json\/wp\/v2\/types\/product"}],"wp:featuredmedia":[{"embeddable":true,"href":"https:\/\/www.bernardinigastone.it\/fr\/wp-json\/wp\/v2\/media\/1768"}],"wp:attachment":[{"href":"https:\/\/www.bernardinigastone.it\/fr\/wp-json\/wp\/v2\/media?parent=3726"}],"wp:term":[{"taxonomy":"product_cat","embeddable":true,"href":"https:\/\/www.bernardinigastone.it\/fr\/wp-json\/wp\/v2\/product_cat?post=3726"},{"taxonomy":"product_tag","embeddable":true,"href":"https:\/\/www.bernardinigastone.it\/fr\/wp-json\/wp\/v2\/product_tag?post=3726"}],"curies":[{"name":"wp","href":"https:\/\/api.w.org\/{rel}","templated":true}]}}