{"id":3911,"date":"2024-06-04T10:52:22","date_gmt":"2024-06-04T08:52:22","guid":{"rendered":"http:\/\/www.bernardinigastone.it\/prodotto\/fesa-di-black-angus-marinata\/"},"modified":"2026-04-14T10:18:00","modified_gmt":"2026-04-14T08:18:00","slug":"black-angus-noix-marinee","status":"publish","type":"product","link":"https:\/\/www.bernardinigastone.it\/fr\/prodotto\/black-angus-noix-marinee\/","title":{"rendered":"Noix Marin\u00e9e Black Angus"},"content":{"rendered":"","protected":false},"excerpt":{"rendered":"<p><strong>P822100 Pr\u00e9tranch\u00e9<\/strong><\/p>\n","protected":false},"featured_media":2107,"template":"","meta":[],"product_cat":[131,132],"product_tag":[],"class_list":{"0":"post-3911","1":"product","2":"type-product","3":"status-publish","4":"has-post-thumbnail","6":"product_cat-linea-sopraffine-fr","7":"product_cat-carne-fr","9":"first","10":"instock","11":"shipping-taxable","12":"product-type-simple"},"_links":{"self":[{"href":"https:\/\/www.bernardinigastone.it\/fr\/wp-json\/wp\/v2\/product\/3911","targetHints":{"allow":["GET"]}}],"collection":[{"href":"https:\/\/www.bernardinigastone.it\/fr\/wp-json\/wp\/v2\/product"}],"about":[{"href":"https:\/\/www.bernardinigastone.it\/fr\/wp-json\/wp\/v2\/types\/product"}],"wp:featuredmedia":[{"embeddable":true,"href":"https:\/\/www.bernardinigastone.it\/fr\/wp-json\/wp\/v2\/media\/2107"}],"wp:attachment":[{"href":"https:\/\/www.bernardinigastone.it\/fr\/wp-json\/wp\/v2\/media?parent=3911"}],"wp:term":[{"taxonomy":"product_cat","embeddable":true,"href":"https:\/\/www.bernardinigastone.it\/fr\/wp-json\/wp\/v2\/product_cat?post=3911"},{"taxonomy":"product_tag","embeddable":true,"href":"https:\/\/www.bernardinigastone.it\/fr\/wp-json\/wp\/v2\/product_tag?post=3911"}],"curies":[{"name":"wp","href":"https:\/\/api.w.org\/{rel}","templated":true}]}}