{"id":4858,"date":"2025-01-13T12:23:43","date_gmt":"2025-01-13T11:23:43","guid":{"rendered":"https:\/\/www.bernardinigastone.it\/prodotto\/scatola-regalo-isole-faoer\/"},"modified":"2026-03-25T16:10:36","modified_gmt":"2026-03-25T15:10:36","slug":"saumon-ecossais-coffret-cadeau-lpscat","status":"publish","type":"product","link":"https:\/\/www.bernardinigastone.it\/fr\/prodotto\/saumon-ecossais-coffret-cadeau-lpscat\/","title":{"rendered":"Coffret cadeau"},"content":{"rendered":"","protected":false},"excerpt":{"rendered":"<p><strong>LPSCAT<\/strong> \u00eeles F\u00e9ro\u00e9 Saumon<\/p>\n","protected":false},"featured_media":4869,"template":"","meta":[],"product_cat":[116,117],"product_tag":[],"class_list":{"0":"post-4858","1":"product","2":"type-product","3":"status-publish","4":"has-post-thumbnail","6":"product_cat-linea-pesce-fr","7":"product_cat-salmone-fr","9":"first","10":"instock","11":"shipping-taxable","12":"product-type-simple"},"_links":{"self":[{"href":"https:\/\/www.bernardinigastone.it\/fr\/wp-json\/wp\/v2\/product\/4858","targetHints":{"allow":["GET"]}}],"collection":[{"href":"https:\/\/www.bernardinigastone.it\/fr\/wp-json\/wp\/v2\/product"}],"about":[{"href":"https:\/\/www.bernardinigastone.it\/fr\/wp-json\/wp\/v2\/types\/product"}],"wp:featuredmedia":[{"embeddable":true,"href":"https:\/\/www.bernardinigastone.it\/fr\/wp-json\/wp\/v2\/media\/4869"}],"wp:attachment":[{"href":"https:\/\/www.bernardinigastone.it\/fr\/wp-json\/wp\/v2\/media?parent=4858"}],"wp:term":[{"taxonomy":"product_cat","embeddable":true,"href":"https:\/\/www.bernardinigastone.it\/fr\/wp-json\/wp\/v2\/product_cat?post=4858"},{"taxonomy":"product_tag","embeddable":true,"href":"https:\/\/www.bernardinigastone.it\/fr\/wp-json\/wp\/v2\/product_tag?post=4858"}],"curies":[{"name":"wp","href":"https:\/\/api.w.org\/{rel}","templated":true}]}}