{"id":4877,"date":"2025-01-13T12:16:18","date_gmt":"2025-01-13T11:16:18","guid":{"rendered":"https:\/\/www.bernardinigastone.it\/prodotto\/salmone-delle-isole-faroe-affumicato-scatola-regalo\/"},"modified":"2026-03-25T15:58:29","modified_gmt":"2026-03-25T14:58:29","slug":"iles-feroe-saumon-fume-pretranche-700g-coffret-cadeau","status":"publish","type":"product","link":"https:\/\/www.bernardinigastone.it\/fr\/prodotto\/iles-feroe-saumon-fume-pretranche-700g-coffret-cadeau\/","title":{"rendered":"\u00eeLes F\u00e9ro\u00e9 Saumon, fum\u00e9"},"content":{"rendered":"","protected":false},"excerpt":{"rendered":"<p><strong>LP482700<\/strong> Pr\u00e9tranch\u00e9 700g, Coffret Cadeau<\/p>\n","protected":false},"featured_media":4769,"template":"","meta":[],"product_cat":[116,117],"product_tag":[],"class_list":{"0":"post-4877","1":"product","2":"type-product","3":"status-publish","4":"has-post-thumbnail","6":"product_cat-linea-pesce-fr","7":"product_cat-salmone-fr","9":"first","10":"instock","11":"shipping-taxable","12":"product-type-simple"},"_links":{"self":[{"href":"https:\/\/www.bernardinigastone.it\/fr\/wp-json\/wp\/v2\/product\/4877","targetHints":{"allow":["GET"]}}],"collection":[{"href":"https:\/\/www.bernardinigastone.it\/fr\/wp-json\/wp\/v2\/product"}],"about":[{"href":"https:\/\/www.bernardinigastone.it\/fr\/wp-json\/wp\/v2\/types\/product"}],"wp:featuredmedia":[{"embeddable":true,"href":"https:\/\/www.bernardinigastone.it\/fr\/wp-json\/wp\/v2\/media\/4769"}],"wp:attachment":[{"href":"https:\/\/www.bernardinigastone.it\/fr\/wp-json\/wp\/v2\/media?parent=4877"}],"wp:term":[{"taxonomy":"product_cat","embeddable":true,"href":"https:\/\/www.bernardinigastone.it\/fr\/wp-json\/wp\/v2\/product_cat?post=4877"},{"taxonomy":"product_tag","embeddable":true,"href":"https:\/\/www.bernardinigastone.it\/fr\/wp-json\/wp\/v2\/product_tag?post=4877"}],"curies":[{"name":"wp","href":"https:\/\/api.w.org\/{rel}","templated":true}]}}