{"id":4962,"date":"2025-02-14T12:16:28","date_gmt":"2025-02-14T11:16:28","guid":{"rendered":"https:\/\/www.bernardinigastone.it\/prodotto\/carpaccio-di-salmone-isole-faroe\/"},"modified":"2026-04-01T16:06:38","modified_gmt":"2026-04-01T14:06:38","slug":"carpaccio-saumon-fume-des-iles-feroe","status":"publish","type":"product","link":"https:\/\/www.bernardinigastone.it\/fr\/prodotto\/carpaccio-saumon-fume-des-iles-feroe\/","title":{"rendered":"Carpaccio, Saumon fum\u00e9 des \u00eeles F\u00e9ro\u00e9"},"content":{"rendered":"","protected":false},"excerpt":{"rendered":"<p><strong>LP481100<\/strong> Marin\u00e9<\/p>\n","protected":false},"featured_media":5144,"template":"","meta":[],"product_cat":[131,135],"product_tag":[],"class_list":{"0":"post-4962","1":"product","2":"type-product","3":"status-publish","4":"has-post-thumbnail","6":"product_cat-linea-sopraffine-fr","7":"product_cat-pesce-sopraffine-fr","9":"first","10":"instock","11":"shipping-taxable","12":"product-type-simple"},"_links":{"self":[{"href":"https:\/\/www.bernardinigastone.it\/fr\/wp-json\/wp\/v2\/product\/4962","targetHints":{"allow":["GET"]}}],"collection":[{"href":"https:\/\/www.bernardinigastone.it\/fr\/wp-json\/wp\/v2\/product"}],"about":[{"href":"https:\/\/www.bernardinigastone.it\/fr\/wp-json\/wp\/v2\/types\/product"}],"wp:featuredmedia":[{"embeddable":true,"href":"https:\/\/www.bernardinigastone.it\/fr\/wp-json\/wp\/v2\/media\/5144"}],"wp:attachment":[{"href":"https:\/\/www.bernardinigastone.it\/fr\/wp-json\/wp\/v2\/media?parent=4962"}],"wp:term":[{"taxonomy":"product_cat","embeddable":true,"href":"https:\/\/www.bernardinigastone.it\/fr\/wp-json\/wp\/v2\/product_cat?post=4962"},{"taxonomy":"product_tag","embeddable":true,"href":"https:\/\/www.bernardinigastone.it\/fr\/wp-json\/wp\/v2\/product_tag?post=4962"}],"curies":[{"name":"wp","href":"https:\/\/api.w.org\/{rel}","templated":true}]}}